{"id":6056,"date":"2021-04-10T17:30:07","date_gmt":"2021-04-10T15:30:07","guid":{"rendered":"https:\/\/www.zeichenschatz.net\/?page_id=6056"},"modified":"2022-07-18T13:15:15","modified_gmt":"2022-07-18T11:15:15","slug":"datenschutz","status":"publish","type":"page","link":"https:\/\/zeichenschatz.net\/en\/datenschutz\/","title":{"rendered":"Datenschutzerkl\u00e4rung"},"content":{"rendered":"<h1 class=\"wp-block-heading\">Datenschutzerkl\u00e4rung<\/h1>\n\n\n\n<p><\/p>\n\n\n\n<h2 class=\"wp-block-heading\">Verantwortlicher<\/h2>\n\n\n\n<p>Oliver Sch\u00f6ndorfer<br>Pergerstra\u00dfe 12\/3<br>2500 Baden, Austria<br><a rel=\"noreferrer noopener\" href=\"mailto:mail@zeichenschatz.net\" target=\"_blank\">oliver@zeichenschatz.net<\/a><\/p>\n\n\n\n<h3 class=\"wp-block-heading\">Benutzerstatistiken \u00fcber Statify<\/h3>\n\n\n\n<p>Auf dem Server werden f\u00fcr 92 Tage anonyme Benutzerstatistiken ohne IP-Adresse oder andere personenbezogene Daten gespeichert. Weder Google Analytics noch andere Tracking Software kommen zum Einsatz.<\/p>\n\n\n\n<p><\/p>\n\n\n\n<h3 class=\"wp-block-heading\">Blog Kommentare<\/h3>\n\n\n\n<p>Wenn Nutzer Kommentare oder sonstige Beitr\u00e4ge hinterlassen, k\u00f6nnen ihre IP-Adressen f\u00fcr 7 Tage gespeichert werden. Das erfolgt zu unserer Sicherheit, falls jemand in Kommentaren und Beitr\u00e4gen widerrechtliche Inhalte hinterl\u00e4sst. In diesem Fall k\u00f6nnen wir selbst f\u00fcr den Kommentar oder Beitrag belangt werden und sind daher an der Identit\u00e4t des Verfassers interessiert. Die im Rahmen der Kommentare und Beitr\u00e4ge angegebenen Daten, werden von uns bis zum Widerspruch der Nutzer dauerhaft gespeichert.<\/p>\n\n\n\n<p><\/p>\n\n\n\n<h3 class=\"wp-block-heading\">Abruf von Profilbildern bei Gravatar<\/h3>\n\n\n\n<p>Wir setzen innerhalb unseres Blogs den Dienst Gravatar ein. Gravatar ist ein Dienst, bei dem sich Nutzer anmelden und Profilbilder und ihre E-Mail-Adressen hinterlegen k\u00f6nnen. Wenn Nutzer mit der jeweiligen E-Mail-Adresse auf unserem Blog Kommentare hinterlassen, k\u00f6nnen so deren Profilbilder neben Kommentaren dargestellt werden. Hierzu wird die von den Nutzern mitgeteilte E-Mail-Adresse an Gravatar zwecks Pr\u00fcfung, ob zu ihr ein Profil gespeichert ist, verschl\u00fcsselt \u00fcbermittelt. Dies ist der einzige Zweck der \u00dcbermittlung der E-Mail-Adresse und sie wird nicht f\u00fcr andere Zwecke verwendet, sondern danach gel\u00f6scht. N\u00e4here Informationen zur Erhebung und Nutzung der Daten durch Gravatar finden sich in den <a href=\"https:\/\/automattic.com\/privacy\/\">Datenschutzhinweisen von Automattic<\/a>.<\/p>","protected":false},"excerpt":{"rendered":"<p>Datenschutzerkl\u00e4rung Verantwortlicher Oliver Sch\u00f6ndorferPergerstra\u00dfe 12\/32500 Baden bei Wienoliver@zeichenschatz.net Benutzerstatistiken \u00fcber Statify Auf dem Server werden f\u00fcr 92 Tage anonyme Benutzerstatistiken ohne IP-Adresse oder andere personenbezogene Daten gespeichert. Weder Google Analytics noch andere Tracking Software kommen zum Einsatz. Blog Kommentare Wenn Nutzer Kommentare oder sonstige Beitr\u00e4ge hinterlassen, k\u00f6nnen ihre IP-Adressen f\u00fcr 7 Tage gespeichert werden. Das [&hellip;]<\/p>","protected":false},"author":3,"featured_media":0,"parent":0,"menu_order":0,"comment_status":"closed","ping_status":"closed","template":"","meta":{"footnotes":""},"class_list":["post-6056","page","type-page","status-publish","hentry"],"_links":{"self":[{"href":"https:\/\/zeichenschatz.net\/en\/wp-json\/wp\/v2\/pages\/6056","targetHints":{"allow":["GET"]}}],"collection":[{"href":"https:\/\/zeichenschatz.net\/en\/wp-json\/wp\/v2\/pages"}],"about":[{"href":"https:\/\/zeichenschatz.net\/en\/wp-json\/wp\/v2\/types\/page"}],"author":[{"embeddable":true,"href":"https:\/\/zeichenschatz.net\/en\/wp-json\/wp\/v2\/users\/3"}],"replies":[{"embeddable":true,"href":"https:\/\/zeichenschatz.net\/en\/wp-json\/wp\/v2\/comments?post=6056"}],"version-history":[{"count":1,"href":"https:\/\/zeichenschatz.net\/en\/wp-json\/wp\/v2\/pages\/6056\/revisions"}],"predecessor-version":[{"id":6766,"href":"https:\/\/zeichenschatz.net\/en\/wp-json\/wp\/v2\/pages\/6056\/revisions\/6766"}],"wp:attachment":[{"href":"https:\/\/zeichenschatz.net\/en\/wp-json\/wp\/v2\/media?parent=6056"}],"curies":[{"name":"wp","href":"https:\/\/api.w.org\/{rel}","templated":true}]}}