{"id":4141,"date":"2017-11-16T10:35:34","date_gmt":"2017-11-16T09:35:34","guid":{"rendered":"https:\/\/www.zeichenschatz.net\/?page_id=4141"},"modified":"2024-05-30T16:38:32","modified_gmt":"2024-05-30T14:38:32","slug":"speaker","status":"publish","type":"page","link":"https:\/\/zeichenschatz.net\/en\/speaker\/","title":{"rendered":"Speaker"},"content":{"rendered":"<h1 class=\"wp-block-heading\">Speaker<\/h1>\n\n\n\n<p class=\"lead-in\">I\u2019m on a mission to help developers and designers to get their message better across and improve their projects with pimped typography.<\/p>\n\n\n\n<p>I host the YouTube channel <a rel=\"noreferrer noopener\" href=\"https:\/\/youtube.com\/c\/pimpmytype\" data-type=\"URL\" data-id=\"https:\/\/youtube.com\/c\/pimpmytype\" target=\"_blank\">Pimp my Type<\/a>, speak at <a href=\"#conferences\">conferences<\/a> and am a guest on <a href=\"#podcasts\" data-type=\"internal\" data-id=\"#podcasts\">podcasts<\/a> covering the topic of digital typography. If you think one of my talks could fit your show or event, <a href=\"#kontakt\">drop me a line<\/a>!<\/p>\n\n\n\n<figure class=\"wp-block-image size-large project-data\"><a href=\"https:\/\/www.youtube.com\/watch?v=XQkCBdEEWCE\"><img loading=\"lazy\" decoding=\"async\" width=\"1024\" height=\"682\" src=\"https:\/\/zeichenschatz.net\/wp-content\/uploads\/2024\/05\/btconf-dus-2019-038-flo7688-2000x-1024x682.jpg\" alt=\"\" class=\"wp-image-6890\" srcset=\"https:\/\/zeichenschatz.net\/wp-content\/uploads\/2024\/05\/btconf-dus-2019-038-flo7688-2000x-1024x682.jpg 1024w, https:\/\/zeichenschatz.net\/wp-content\/uploads\/2024\/05\/btconf-dus-2019-038-flo7688-2000x-300x200.jpg 300w, https:\/\/zeichenschatz.net\/wp-content\/uploads\/2024\/05\/btconf-dus-2019-038-flo7688-2000x-768x512.jpg 768w, https:\/\/zeichenschatz.net\/wp-content\/uploads\/2024\/05\/btconf-dus-2019-038-flo7688-2000x-1536x1024.jpg 1536w, https:\/\/zeichenschatz.net\/wp-content\/uploads\/2024\/05\/btconf-dus-2019-038-flo7688-2000x-18x12.jpg 18w, https:\/\/zeichenschatz.net\/wp-content\/uploads\/2024\/05\/btconf-dus-2019-038-flo7688-2000x.jpg 2000w\" sizes=\"auto, (max-width: 1024px) 100vw, 1024px\" \/><\/a><figcaption class=\"wp-element-caption\"><a href=\"https:\/\/www.youtube.com\/watch?v=XQkCBdEEWCE\">Typographer vs. Accessibility<\/a>, beyond tellerrand 2024, Foto: <a href=\"https:\/\/florian.photo\/\">Florian Ziegler<\/a><\/figcaption><\/figure>\n\n\n\n<div style=\"height:100px\" aria-hidden=\"true\" class=\"wp-block-spacer\"><\/div>\n\n\n\n<h2 class=\"wp-block-heading\">Upcoming Events<\/h2>\n\n\n\n<h4 class=\"wp-block-heading\">Find all upcoming events <a href=\"https:\/\/pimpmytype.com\/podcasts\/\">on Pimp my Type<\/a><\/h4>\n\n\n\n<div style=\"height:100px\" aria-hidden=\"true\" class=\"wp-block-spacer\"><\/div>\n\n\n\n<h2 class=\"wp-block-heading\" id=\"podcasts\">Podcasts<\/h2>\n\n\n\n<p><strong><a href=\"https:\/\/devslove.it\">devslove.it<\/a><\/strong><br>May 2024 (German)<br>Episode #52, #53, #54<br><em>\u00dcber Typografie im Web und wie ich angefangen habe als Speaker<\/em><\/p>\n\n\n\n<p><a href=\"https:\/\/ux-heroes.com\"><strong>UX Heroes Podcast<\/strong><\/a><br>24 May 2021 (German)<br><em>Oliver Sch\u00f6ndorfer \u00fcber Typografie f\u00fcr User Interfaces<\/em><\/p>\n\n\n\n<p><a rel=\"noreferrer noopener\" href=\"https:\/\/www.programmier.bar\/podcast-episodes\/folge-83-fonts-mit-oliver-schndorfer-von-zeichenschatz\" target=\"_blank\"><strong>programmier.bar Folge 83 \u2013 Fonts<\/strong><\/a><br>26 February 2021 (German)<br>Themen: Warum es mehr Schriften gibt als Open Sans, welche Arten von Texten es gibt und welche Schriften dazu passen, eine Einf\u00fchrung in Variable Fonts.<\/p>\n\n\n\n<p><a rel=\"noreferrer noopener\" href=\"https:\/\/workingdraft.de\/460\/\" target=\"_blank\"><strong>Working Draft Revision 460<\/strong><\/a><br>19 January 2021 (German)<br><em>Augen auf bei der Webfont-Wahl<\/em><\/p>\n\n\n\n<p><a rel=\"noreferrer noopener\" href=\"https:\/\/workingdraft.de\/334\/\" target=\"_blank\"><strong>Working Draft Revision 334<\/strong><\/a><br>1 April 2018 (German)<br><em>Typographie im Web<\/em><\/p>\n\n\n\n<div style=\"height:100px\" aria-hidden=\"true\" class=\"wp-block-spacer\"><\/div>\n\n\n\n<blockquote><p>\u201cOliver has his own particular style of quirk and humour that really sets his speaking style apart from almost anyone else I\u2019ve seen before. His delivery is hilarious, but never detracts from his message\u2014I learned so much from him in such a short space of time. I think he\u2019s pretty unique, and I\u2019ve seen a lot of conference speakers! I\u2019d recommend getting him on-board.\u201d<\/p><footer><a href=\"https:\/\/twitter.com\/csswizardry\/status\/988487823081791488\">Harry Roberts, CSS Wizardry<\/a><\/footer><\/blockquote>\n\n\n\n<div style=\"height:100px\" aria-hidden=\"true\" class=\"wp-block-spacer\"><\/div>\n\n\n\n<h2 class=\"wp-block-heading\" id=\"conferences\">Conferences<\/h2>\n\n\n\n<h4 class=\"wp-block-heading\"><a href=\"https:\/\/beyondtellerrand.com\/events\/dusseldorf-2024\/speakers\/oliver-schondorfer\" target=\"_blank\" rel=\"noreferrer noopener\">beyond tellerrand<\/a><\/h4>\n\n\n\n<p>May 12, 2024, D\u00fcsseldorf, Germany<br><em>Typographer vs. Accessibility<\/em><br><a href=\"https:\/\/www.youtube.com\/watch?v=XQkCBdEEWCE\">Watch Video<\/a><br><\/p>\n\n\n\n<h4 class=\"wp-block-heading\"><a href=\"https:\/\/smashingconf.com\/antwerp-2023\/speakers\/oliver-schondorfer\/\" target=\"_blank\" rel=\"noreferrer noopener\">Smashing Conf 2023, Antwerpen<\/a><\/h4>\n\n\n\n<p>October 10, 2023, Antwerpen, Belgium<br><em>The Invisible Power of UI Typography<\/em><\/p>\n\n\n\n<p><strong>WebWorker Saar Meetup<\/strong><br>1 July 2021, 18:00 CET, Online Event<br><em>Stop Using Open Sans* \u2013 Warum die Schriftwahl im Web so wichtig ist<\/em><\/p>\n\n\n\n<p><strong>Stay Curious \u2013 \u201cFonts\u201d with Ulrike Rausch and Oliver Sch\u00f6ndorfer<br><\/strong>24 November 2020, 19:00 CET, Online Event<br><em>Stop using Open Sans \u2013 Why your font choice matters<br><\/em><a href=\"https:\/\/noti.st\/glyphe\/FXOhCH\/stop-using-open-sans-why-your-font-choice-matters\">View Slides on noti.st<\/a> | <a href=\"https:\/\/zeichenschatz.net\/wp-content\/uploads\/2020\/11\/Stop-Using-Open-Sans-01-btconf-Stay-Curious-1.pdf\">Download PDF-Slides<\/a> (43 MB)<\/p>\n\n\n\n<p><strong>Mediencamp Vienna 2019<\/strong><br>16 November 2019, Vienna<br><em>You Can Save Web Typography (Talk in German)<\/em><br><a href=\"https:\/\/zeichenschatz.net\/wp-content\/uploads\/2019\/11\/web-typografie-mediencamp-vienna-2019-1.pdf\">Download PDF-Slides<\/a> (18 MB)<\/p>\n\n\n\n<p><strong>A-Tag \u201919<br><\/strong>10 October 2019, Vienna<br><em> You Can Save Web Typography (Talk in German)<\/em><br><a href=\"https:\/\/zeichenschatz.net\/wp-content\/uploads\/2019\/11\/web-typografie-2019-a-tag-1.pdf\">Download PDF-Slides<\/a> (18 MB)<\/p>\n\n\n\n<p><strong>WordCamp Vienna 2019<\/strong><br>27 April 2019, Vienna<br><em>Conquer Variable Web Typography<\/em><br><a href=\"https:\/\/zeichenschatz.net\/wp-content\/uploads\/2019\/04\/Variable-Web-Typography-04-WordCamp-Vienna-2019-1.pdf\">Download PDF-Slides<\/a><\/p>\n\n\n\n<p><strong id=\"vienna-sketch-3\">Vienna Sketch Meetup #3<br><\/strong> 15 January 2019, Vienna<br><em>You Can Save Web Typography<\/em><br><a href=\"https:\/\/zeichenschatz.net\/wp-content\/uploads\/2019\/01\/Web-Typo-08-sketchMeetupVienna-1.pdf\">Download PDF-Slides<\/a><\/p>\n\n\n\n<p><strong>beyond tellerrand<br> <\/strong>5\u20138 November 2018, Berlin<br><em>Conquer Variable Web Typography<\/em><br><a href=\"https:\/\/noti.st\/glyphe\/zKxaG9\/conquer-variable-web-typography\">View Slides on noti.st<\/a> | Download Slides | <a href=\"https:\/\/vimeo.com\/299234717\">Watch Video<\/a><\/p>\n\n\n\n<p><strong>Frontend Conference Zurich<br><\/strong>30\u201331 August 2018, Zurich<br><em>Conquer Variable Web Typography<\/em><br><a href=\"https:\/\/noti.st\/glyphe\/GBMMcB\/conquer-variable-web-typography\">View slides on noti.st<\/a> | <a href=\"https:\/\/vimeo.com\/287977214\">Watch Video<\/a><\/p>\n\n\n\n<p><strong>pitercss_conf<br> <\/strong>8\u20139 June 2018, Saint Petersburg<br><em>You Can Save Web Typography<\/em><br><a href=\"https:\/\/zeichenschatz.net\/wp-content\/uploads\/2018\/06\/Web-Typo-07-pitercss-1.pdf\">Download slides (pdf)<\/a> | <a href=\"https:\/\/noti.st\/glyphe\/mF1Dep\/you-can-save-web-typography\">Browse slides on noti.st<\/a> | <a href=\"https:\/\/zeichenschatz.net\/en\/web-typography-resources\/\">Resources<\/a><\/p>\n\n\n\n<p><strong>May WordPress Meetup Vienna<\/strong><br> 2 May 2018, Vienna<br><em>You Can Save Web Typography<\/em><br><a rel=\"noopener noreferrer\" href=\"https:\/\/speakerdeck.com\/glyphe\/you-can-save-web-typography\" target=\"_blank\">View Slides<\/a><\/p>\n\n\n\n<p><strong>webclerks meetup #12<\/strong><br> 23 April 2018, Vienna<br><em>Conquer Variable Web Typography<\/em><br><a rel=\"noopener noreferrer\" href=\"https:\/\/zeichenschatz.net\/wp-content\/uploads\/2018\/04\/Variable-Web-Typography-1.pdf\" target=\"_blank\">View Slides (pdf)<\/a><\/p>\n\n\n\n<p><strong>WordCamp Vienna 2018<\/strong><br>09 April 2018, Vienna<br><em>Erste Hilfe Web Design \u2013 Wie vermeide ich die schlimmsten Fehler?<\/em><br><a href=\"https:\/\/speakerdeck.com\/glyphe\/erste-hilfe-web-design-wie-vermeide-ich-die-schlimmsten-fehler\">View Slides<\/a> | <a href=\"https:\/\/wordpress.tv\/2018\/08\/08\/oliver-schondorfer-erste-hilfe-web-design-wie-vermeide-ich-die-schlimmsten-fehler\/\">Watch Video<\/a> (Talk in German)<\/p>\n\n\n\n<p><strong>Stahlstadt.js #16<\/strong><br>29 November 2017,&nbsp;Linz<br><em>You can save Web Typography<\/em><br><a rel=\"noopener noreferrer\" href=\"https:\/\/speakerdeck.com\/glyphe\/you-can-save-web-typography\" target=\"_blank\">View Slides<\/a><\/p>\n\n\n\n<p><strong>Skill Share Breakfast Impact Hub Vienna<\/strong><br>8 November&nbsp;2017,&nbsp;Vienna<br><em>Web Design Check-up \u2013 Top 10 mistakes and how to fix them<\/em><br><a rel=\"noopener noreferrer\" href=\"https:\/\/speakerdeck.com\/glyphe\/web-design-check-up-top-10-mistakes-and-how-to-fix-them\" target=\"_blank\">View Slides<\/a><\/p>\n\n\n\n<p><strong>International PHP Conference 2017 &amp;<br>International Javascript Conference 2017 Munich<\/strong><br>26 October 2017,&nbsp;Munich<br>You can save Web Typography<br><a href=\"https:\/\/youtu.be\/U6ZJDh-ywd0\">View Video<\/a><br><a rel=\"noopener noreferrer\" href=\"https:\/\/speakerdeck.com\/glyphe\/you-can-save-web-typography\" target=\"_blank\">View Slides<\/a><\/p>\n\n\n\n<p><strong>UxWien Metalab Meetup<\/strong><br>21 September 2017, Vienna<br>You can save Web Typography<br><a rel=\"noopener noreferrer\" href=\"https:\/\/speakerdeck.com\/glyphe\/you-can-save-web-typography\" target=\"_blank\">View Slides<\/a><\/p>\n\n\n\n<p><strong>UXCamp+ Vienna 2017<\/strong><br>5 May 2017, Vienna<br>You can save Web Typography<br><a rel=\"noopener noreferrer\" href=\"https:\/\/www.slideshare.net\/zeichenschatz?utm_campaign=profiletracking&amp;utm_medium=sssite&amp;utm_source=ssslideview\" target=\"_blank\">View Slides<\/a>&nbsp;(Talk in German)<\/p>\n\n\n\n<p><strong>webclerks meetup #6<\/strong><br>27 February 2017, Vienna<br>You can save Web Typography<br><a href=\"https:\/\/www.youtube.com\/watch?v=jkYjiffBfUY\">Watch Video<\/a> (in German)<br><a rel=\"noopener noreferrer\" href=\"https:\/\/www.slideshare.net\/zeichenschatz?utm_campaign=profiletracking&amp;utm_medium=sssite&amp;utm_source=ssslideview\" target=\"_blank\">View Slides<\/a>&nbsp;(Talk in German)<\/p>\n\n\n\n<p><strong>uxcamp vienna 2013<\/strong><br>9 November 2013, Vienna<br><em>Don\u2019t be afraid of Content<\/em><br><a rel=\"noopener noreferrer\" href=\"https:\/\/www.slideshare.net\/zeichenschatz\/keine-angst-vor-content-eine-selbsthilfegruppe-fr-designer\" target=\"_blank\">View Slides<\/a>&nbsp;(Talk in German)<\/p>","protected":false},"excerpt":{"rendered":"<p>Speaker I\u2019m on a mission to help developers and designers to get their message better across and improve their projects with pimped typography. I host the YouTube channel Pimp my Type, speak at conferences and am a guest on podcasts covering the topic of digital typography. If you think one of my talks could fit [&hellip;]<\/p>","protected":false},"author":3,"featured_media":0,"parent":0,"menu_order":0,"comment_status":"closed","ping_status":"closed","template":"","meta":{"footnotes":""},"class_list":["post-4141","page","type-page","status-publish","hentry"],"_links":{"self":[{"href":"https:\/\/zeichenschatz.net\/en\/wp-json\/wp\/v2\/pages\/4141","targetHints":{"allow":["GET"]}}],"collection":[{"href":"https:\/\/zeichenschatz.net\/en\/wp-json\/wp\/v2\/pages"}],"about":[{"href":"https:\/\/zeichenschatz.net\/en\/wp-json\/wp\/v2\/types\/page"}],"author":[{"embeddable":true,"href":"https:\/\/zeichenschatz.net\/en\/wp-json\/wp\/v2\/users\/3"}],"replies":[{"embeddable":true,"href":"https:\/\/zeichenschatz.net\/en\/wp-json\/wp\/v2\/comments?post=4141"}],"version-history":[{"count":9,"href":"https:\/\/zeichenschatz.net\/en\/wp-json\/wp\/v2\/pages\/4141\/revisions"}],"predecessor-version":[{"id":6894,"href":"https:\/\/zeichenschatz.net\/en\/wp-json\/wp\/v2\/pages\/4141\/revisions\/6894"}],"wp:attachment":[{"href":"https:\/\/zeichenschatz.net\/en\/wp-json\/wp\/v2\/media?parent=4141"}],"curies":[{"name":"wp","href":"https:\/\/api.w.org\/{rel}","templated":true}]}}