{"id":1956,"date":"2011-06-09T08:33:41","date_gmt":"2011-06-09T06:33:41","guid":{"rendered":"http:\/\/zeichenschatz.net\/?page_id=1956"},"modified":"2024-08-27T12:29:20","modified_gmt":"2024-08-27T10:29:20","slug":"impressum","status":"publish","type":"page","link":"https:\/\/zeichenschatz.net\/en\/impressum\/","title":{"rendered":"Imprint"},"content":{"rendered":"<h1 class=\"wp-block-heading\"><strong>Imprint<\/strong><\/h1>\n\n\n\n<p>Impressive, an imprint, and on top of that, this wonderful privacy policy. Surely that\u2019s why you came to this page, because there are also the most beautiful things to discover here.<\/p>\n\n\n\n<p><strong>Zeichenschatz e.U.<br><\/strong>Oliver Sch\u00f6ndorfer<strong><br><\/strong>Pergerstra\u00dfe 12\/3<br><span class=\"oldstyle-nums\">2500<\/span> Baden<br>\u00d6sterreich<\/p>\n\n\n\n<p>UID: ATU 635 389 15<br>FN: 507336h, LG Wr. Neustadt<\/p>\n\n\n\n<p>Tel.: +43 660 81 42 150<br><a title=\"E-Mail an mail@zeichenschatz.net\" href=\"mailto:mail@zeichenschatz.net\">oliver@zeichenschatz.net<\/a><\/p>\n\n\n\n<h3 class=\"wp-block-heading\">Credits<\/h3>\n\n\n\n<p>Portrait photos <a href=\"http:\/\/www.reneedelmissier.com\/\">Ren\u00e9e Del Missier<\/a><br>Best web development: <a href=\"https:\/\/stefangrassberger.dev\/\">Stefan Grassberger<\/a><\/p>\n\n\n\n<h3 class=\"wp-block-heading\">Information according to the E-Commerce Act<\/h3>\n\n\n\n<p>Responsible for content and data protection: Oliver Sch\u00f6ndorfer<br>Authority: Bezirkshauptmannschaft Baden<br>Chamber affiliation: Lower Austria Chamber of Commerce<br>Fachgruppe: Werbung<\/p>\n\n\n\n<h3 class=\"wp-block-heading\">Exclusion of liability<\/h3>\n\n\n\n<p>I have researched and created this website with great care. However, errors cannot be completely ruled out. Therefore, I do not assume any liability for the accuracy, completeness, and timeliness of the content. In particular, I do not assume any liability for any direct or indirect damages that may arise from the direct or indirect use of the content provided.<\/p>\n\n\n\n<p>In addition to my own content, external links to content provided by other providers are offered. These third-party contents do not originate from me, and I have no ability to influence the content of third-party sites. I am not liable for third-party content to which I merely refer in the aforementioned sense. Responsibility lies solely with the provider of the content.<a name=\"datenschutzerklaerung\"><\/a><\/p>","protected":false},"excerpt":{"rendered":"<p>Impressum Beeindruckend, ein Impressum und dann auch noch diese herrliche Datenschutzerkl\u00e4rung. Sicherlich sind Sie deshalb auf diese Seite gekommen, denn hier gibt es auch die sch\u00f6nsten Dinge zu erfahren. Zeichenschatz e.U.Oliver Sch\u00f6ndorferPergerstra\u00dfe 12\/32500 Baden\u00d6sterreich UID: ATU 635 389 15FN: 507336h, LG Wr. Neustadt Tel.: +43 660 81 42 150oliver@zeichenschatz.net Credits Portraitfotos: Ren\u00e9e Del MissierBestes Web [&hellip;]<\/p>","protected":false},"author":3,"featured_media":0,"parent":0,"menu_order":0,"comment_status":"closed","ping_status":"closed","template":"","meta":{"footnotes":""},"class_list":["post-1956","page","type-page","status-publish","hentry"],"_links":{"self":[{"href":"https:\/\/zeichenschatz.net\/en\/wp-json\/wp\/v2\/pages\/1956","targetHints":{"allow":["GET"]}}],"collection":[{"href":"https:\/\/zeichenschatz.net\/en\/wp-json\/wp\/v2\/pages"}],"about":[{"href":"https:\/\/zeichenschatz.net\/en\/wp-json\/wp\/v2\/types\/page"}],"author":[{"embeddable":true,"href":"https:\/\/zeichenschatz.net\/en\/wp-json\/wp\/v2\/users\/3"}],"replies":[{"embeddable":true,"href":"https:\/\/zeichenschatz.net\/en\/wp-json\/wp\/v2\/comments?post=1956"}],"version-history":[{"count":5,"href":"https:\/\/zeichenschatz.net\/en\/wp-json\/wp\/v2\/pages\/1956\/revisions"}],"predecessor-version":[{"id":6907,"href":"https:\/\/zeichenschatz.net\/en\/wp-json\/wp\/v2\/pages\/1956\/revisions\/6907"}],"wp:attachment":[{"href":"https:\/\/zeichenschatz.net\/en\/wp-json\/wp\/v2\/media?parent=1956"}],"curies":[{"name":"wp","href":"https:\/\/api.w.org\/{rel}","templated":true}]}}